{"id":11,"date":"2016-12-04T12:29:36","date_gmt":"2016-12-04T11:29:36","guid":{"rendered":"http:\/\/www.hypnose-koepenick.de\/?page_id=11"},"modified":"2026-03-12T13:38:01","modified_gmt":"2026-03-12T13:38:01","slug":"anwendungsgebiete","status":"publish","type":"page","link":"https:\/\/hypnose-koepenick.de\/?page_id=11","title":{"rendered":"Anwendungsgebiete \/ Kontraindikationen"},"content":{"rendered":"<h2><strong>Zu den Anwendungsgebieten z\u00e4hlen unter anderem:<\/strong><\/h2>\n<div class=\"w100 links\">\n<p><strong>Psychische &#038; emotionale Themen<\/strong><\/p>\n<\/div>\n<ul>\n<li><a href=\"https:\/\/hypnose-koepenick.de\/?page_id=495\" rel=\"noopener\">Traumaverarbeitung<\/a><\/li>\n<li><a title=\"Hypnose bei Angst und Phobien\" href=\"https:\/\/hypnose-koepenick.de\/?page_id=481\">\u00c4ngste &#038; Phobien<\/a> (z. B. Flugangst, Pr\u00fcfungsangst, Zahnarzt)<\/li>\n<li><a href=\"https:\/\/hypnose-koepenick.de\/?page_id=550\">Panikattacken<\/a><\/li>\n<li>Stress, innere Unruhe, \u00dcberforderung<\/li>\n<li><a title=\"Hypnose bei Schlafst\u00f6rungen\" href=\"https:\/\/hypnose-koepenick.de\/?page_id=492\">Schlafst\u00f6rungen<\/a><\/li>\n<li>Albtr\u00e4ume<\/li>\n<li><a href=\"https:\/\/hypnose-koepenick.de\/?page_id=546\">Trauer, Trennungen, Liebeskummer<\/a><\/li>\n<li>Geringes Selbstwertgef\u00fchl, Selbstzweifel<\/li>\n<li>Eifersucht, Bindungs- oder Verlustangst<\/li>\n<li><a href=\"https:\/\/hypnose-koepenick.de\/?page_id=544\">Emotionale Blockaden<\/a><\/li>\n<li><a title=\"Hypnose bei Depression und Burnout\" href=\"https:\/\/hypnose-koepenick.de\/?page_id=486\">Depression\/Burnout<\/a><\/li>\n<li>Essst\u00f6rungen<\/li>\n<li>Zwangsgedanken<\/li>\n<li>Zwangshandlungen<\/li>\n<\/ul>\n<div class=\"w100 links\">\n<p><strong>Verhalten &#038; Gewohnheite<\/strong><\/p>\n<\/div>\n<ul>\n<li><a title=\"Raucherentw\u00f6hnung mit Hypnose\" href=\"https:\/\/hypnose-koepenick.de\/?page_id=489\">Raucherentw\u00f6hnung<\/a><\/li>\n<li>Umgang mit Alkohol und Drogen<\/li>\n<li>Zucker- oder Esssucht, emotionales Essen<\/li>\n<li>N\u00e4gelkauen, Hautzupfen<\/li>\n<li>Prokrastination, Aufschieben<\/li>\n<li>Leistungsblockaden<\/li>\n<li>Motivation &#038; Zielerreichung<\/li>\n<li><a title=\"Abnehmen mit Hypnose\" href=\"https:\/\/hypnose-koepenick.de\/?page_id=475\">Abnehmen<\/a> (v. a. Mindset &#038; Essverhalten)<\/li>\n<li>st\u00f6rende Gewohnheiten<\/li>\n<\/ul>\n<div class=\"w100 links\">\n<p><strong>Psychosomatische &#038; k\u00f6rpernahe Themen<\/strong><br \/>\n(begleitend, nicht als Ersatz f\u00fcr \u00e4rztliche Behandlung)<\/p>\n<\/div>\n<ul>\n<li>Reizdarm, Magen-Darm-Beschwerden<\/li>\n<li>Spannungskopfschmerzen, Migr\u00e4ne<\/li>\n<li>Chronische Schmerzen<\/li>\n<li>Hautprobleme mit Stressbezug<\/li>\n<li>Tinnitus (Stressregulation)<\/li>\n<li>Verspannungen<\/li>\n<li>Z\u00e4hneknirschen<\/li>\n<li>Neurodermitis<\/li>\n<li>Asthma<\/li>\n<li>Stottern<\/li>\n<\/ul>\n<div class=\"w100 links\">\n<p><strong>Beziehungen &#038; innere Muster<\/strong><\/p>\n<\/div>\n<ul>\n<li>Wiederkehrende Beziehungskonflikte<\/li>\n<li>Alte Bindungsmuster<\/li>\n<li>Schuld- oder Schamgef\u00fchle<\/li>\n<li>Abgrenzung &#038; \u201eNein sagen\u201c<\/li>\n<li>Innere Kind-Themen<\/li>\n<li>Selbstsabotage<\/li>\n<\/ul>\n<div class=\"w100 links\">\n<p><strong>Pers\u00f6nlichkeitsentwicklung<\/strong><\/p>\n<\/div>\n<ul>\n<li>Selbstvertrauen &#038; innere St\u00e4rke<\/li>\n<li>Entscheidungen treffen<\/li>\n<li>Loslassen &#038; Vergebung<\/li>\n<li>Ressourcenaktivierung<\/li>\n<li>Kreativit\u00e4t &#038; Intuition<\/li>\n<li>Vorbereitung auf Pr\u00fcfungen, Auftritte, Geburt<\/li>\n<li><a href=\"https:\/\/hypnose-koepenick.de\/?page_id=545\">Leistungssteigerung<\/a> (Sport, Schule, Studium und Beruf)<\/li>\n<li>Konzentration, Lernf\u00e4higkeit<\/li>\n<\/ul>\n<div class=\"w100 links\">\n<p>Es gibt kaum ein Anwendungsgebiet, was nicht wenigstens verbessert oder zumindest unterst\u00fctzend begleitet werden kann! Bitte sprechen Sie mich an, wenn Ihr Problem nicht dabei ist und beachten Sie die Kontraindikationen.<\/p>\n<\/div>\n<div class=\"w100 links\">\n<div class=\"w100 links\">\n<h3>Kontraindikationen<\/h3>\n<p>Was sollte NICHT mit Hypnose behandelt werden!<\/p>\n<ul>\n<li>Das Beschwerdebild ist als psychotisch einzustufen, umfasst also z.B. Wahn und\/oder Halluzinationen.<\/li>\n<li>Es liegt subakute oder akute Suizidalit\u00e4t (Selbstmordgef\u00e4hrdung) vor.<\/li>\n<li>Es besteht Eigen- oder Fremdgef\u00e4hrdung.<\/li>\n<li>Das Beschwerdebild ist so massiv, dass eine station\u00e4re Behandlung einer ambulanten Unterst\u00fctzung vorzuziehen ist.<\/li>\n<li>Es liegen starke, nicht eingestellte Herz- und Kreislaufbeschwerden vor.<\/li>\n<li>Es besteht eine Erkrankung, deren Auswirkungen eine aktive Teilnahme am therapeutischen Prozess oder aber die k\u00f6rperliche Entspannungsf\u00e4higkeit stark behindern (z.B. Demenzerkrankungen, starke Schwerh\u00f6rigkeit, Hyperkinesen, massive Atembeschwerden, schwere Dissoziationen,\u00a0akuter Alkohol -oder Drogeneinfluss.)<\/li>\n<li>Die Blutgef\u00e4\u00dfe d\u00fcrfen sich laut \u00e4rztlicher Verordnung nicht erweitern, zB.\u00a0kurz nach einem Schlaganfall oder Herzinfarkt<\/li>\n<li>Es besteht eine Anfallserkrankung, z.B. Epilepsie.<\/li>\n<li>Es besteht keine Bereitschaft zu Offenheit und Kooperation.<\/li>\n<li>Es liegt kein eigener Wunsch nach Ver\u00e4nderung vor.<\/li>\n<\/ul>\n<div class=\"w100 links\">\n<p>Es wird empfohlen zuerst einen Arzt zu konsultieren, bevor Sie eine Therapie beginnen.<\/p>\n<\/div>\n<\/div>\n<\/div>\n","protected":false},"excerpt":{"rendered":"<p>Zu den Anwendungsgebieten z\u00e4hlen unter anderem: Psychische &#038; emotionale Themen Traumaverarbeitung \u00c4ngste &#038; Phobien (z. B. Flugangst, Pr\u00fcfungsangst, Zahnarzt) Panikattacken Stress, innere Unruhe, \u00dcberforderung Schlafst\u00f6rungen Albtr\u00e4ume Trauer, Trennungen, Liebeskummer Geringes Selbstwertgef\u00fchl, Selbstzweifel Eifersucht, Bindungs- oder Verlustangst Emotionale Blockaden Depression\/Burnout Essst\u00f6rungen Zwangsgedanken Zwangshandlungen Verhalten &#038; Gewohnheite Raucherentw\u00f6hnung Umgang mit Alkohol und Drogen Zucker- oder Esssucht, emotionales &hellip; <a href=\"https:\/\/hypnose-koepenick.de\/?page_id=11\" class=\"more-link\">Continue reading<span class=\"screen-reader-text\"> &#8220;Anwendungsgebiete \/ Kontraindikationen&#8221;<\/span><\/a><\/p>\n","protected":false},"author":1,"featured_media":321,"parent":0,"menu_order":0,"comment_status":"closed","ping_status":"closed","template":"template\/page-leistungen.php","meta":{"footnotes":""},"class_list":["post-11","page","type-page","status-publish","has-post-thumbnail","hentry"],"_links":{"self":[{"href":"https:\/\/hypnose-koepenick.de\/index.php?rest_route=\/wp\/v2\/pages\/11","targetHints":{"allow":["GET"]}}],"collection":[{"href":"https:\/\/hypnose-koepenick.de\/index.php?rest_route=\/wp\/v2\/pages"}],"about":[{"href":"https:\/\/hypnose-koepenick.de\/index.php?rest_route=\/wp\/v2\/types\/page"}],"author":[{"embeddable":true,"href":"https:\/\/hypnose-koepenick.de\/index.php?rest_route=\/wp\/v2\/users\/1"}],"replies":[{"embeddable":true,"href":"https:\/\/hypnose-koepenick.de\/index.php?rest_route=%2Fwp%2Fv2%2Fcomments&post=11"}],"version-history":[{"count":16,"href":"https:\/\/hypnose-koepenick.de\/index.php?rest_route=\/wp\/v2\/pages\/11\/revisions"}],"predecessor-version":[{"id":867,"href":"https:\/\/hypnose-koepenick.de\/index.php?rest_route=\/wp\/v2\/pages\/11\/revisions\/867"}],"wp:featuredmedia":[{"embeddable":true,"href":"https:\/\/hypnose-koepenick.de\/index.php?rest_route=\/wp\/v2\/media\/321"}],"wp:attachment":[{"href":"https:\/\/hypnose-koepenick.de\/index.php?rest_route=%2Fwp%2Fv2%2Fmedia&parent=11"}],"curies":[{"name":"wp","href":"https:\/\/api.w.org\/{rel}","templated":true}]}}