{"id":13,"date":"2016-12-04T12:29:48","date_gmt":"2016-12-04T11:29:48","guid":{"rendered":"http:\/\/www.hypnose-koepenick.de\/?page_id=13"},"modified":"2026-02-04T07:51:53","modified_gmt":"2026-02-04T07:51:53","slug":"preis","status":"publish","type":"page","link":"https:\/\/hypnose-koepenick.de\/?page_id=13","title":{"rendered":"Preise und Ablauf"},"content":{"rendered":"<h2>Vorteil<\/h2>\n<ul>\n<li>offizielle Therapeutenpartnerin vom renommierten Dr. Norbert Preetz<\/li>\n<li>staatlich zugelassene Heilpraktikerin f\u00fcr Psychotherapie<\/li>\n<li>ausgebildete, kompetente Sprecherin (angenehme Stimmf\u00fchrung w\u00e4hrend der Hypnose)<\/li>\n<li>ursachenorientierte Hypnosetherapie<\/li>\n<li>nur so viele Sitzungen wie wirklich ben\u00f6tigt werden<\/li>\n<li>Sie zahlen pro Sitzung einen Festpreis (keinen Minutenpreis)<\/li>\n<li>keine Therapievertr\u00e4ge oder Verpflichtungen f\u00fcr eine bestimmte Anzahl an Sitzungen<\/li>\n<li>Intensiver Vorbereitungsprozess<\/li>\n<li>Kurzzeittherapie ca. 1-5 Sitzungen<\/li>\n<li>individuell klientenorientiertes Therapiekonzept<\/li>\n<li>Sie bestimmen den Zeitraum zwischen den Sitzungen<\/li>\n<li>Festpreis pro Sitzung (keinen Minutenpreis)<\/li>\n<li>Begleitung einer Ihnen wichtigen Bezugsperson m\u00f6glich<\/li>\n<li>langj\u00e4hrige Erfahrung mit \u00fcber 5000 Sitzungen<\/li>\n<li>kostenfreies, unverbindliches Vorgespr\u00e4ch nicht am Telefon, sondern pers\u00f6nlich in meiner Praxis<\/li>\n<li>Behandlungen werden von mir pers\u00f6nlich durchgef\u00fchrt<\/li>\n<li>Intensiv-Therapie f\u00fcr Anreisende (mehrere Sitzungen an 1\u20132 Tagen)<\/li>\n<li>nach Absprache auch Termine ohne Aufpreis am Wochenende m\u00f6glich<\/li>\n<li>Erstgespr\u00e4che und Sitzungen auch in Panketal<\/li>\n<\/ul>\n<h2>Preise<\/h2>\n<ul>\n<li>pers\u00f6nliches Vorgespr\u00e4ch in meiner Praxis : kostenfrei<\/li>\n<li>Sitzung (ca. 45-90 min.): 250\u20ac<\/li>\n<li>Wochenende: 250\u20ac<\/li>\n<li>Rauchentw\u00f6hnung (2 Sitzungen): 500\u20ac<\/li>\n<li>telefonische Yagercode Sitzung: 200\u20ac<\/li>\n<li>telefonische Hypnosesitzung: 200\u20ac<\/li>\n<\/ul>\n<p>Heilbehandlungen (heilkundliche Psychotherapie) sind nach \u00a7 4 Nr. 14 UStG von der Umsatzsteuer befreit.<\/p>\n<p>Beim Coaching k\u00e4me zum Honorar noch die Mehrwertsteuer von 19% dazu, allerdings bin ich gem. Paragraph 19 Abs. 1 Umsatzsteuergesetz als Kleinunternehmer nicht Umsatzsteuerpflichtig als Coach.<\/p>\n<p>Hypnoanalyse wird privat honoriert.<br \/>\nDie gesetzliche Krankenkassen \u00fcbernehmen die Kosten leider nicht.<\/p>\n<p>Neben den Nachteilen, die sich daraus ergeben,<br \/>\ngibt es aber auch einige Vorteile durch die private Abrechnung:<\/p>\n<ul>\n<li>die Motivation ist h\u00f6her<\/li>\n<li>Dauer und Anzahl der Sitzungen k\u00f6nnen frei gestaltet werden<\/li>\n<li>der Verwaltungsaufwand ist gering<\/li>\n<li>es werden keine Diagnosen bei der Krankenkasse gespeichert,<br \/>\ndie eventuell zu Nachteiligkeiten f\u00fchren k\u00f6nnten<\/li>\n<\/ul>\n<p>Dadurch, dass man meist nur wenige Sitzungen ben\u00f6tigt, wird Hypnoanalyse auch nicht zur finanziellen Belastung. Zumal man die Abst\u00e4nde zu den Sitzungen frei gestalten kann.<\/p>\n<p>Die Abst\u00e4nde k\u00f6nnen auch dazu dienen, dem Klienten ausreichend Zeit zu geben, die Impulse, Anregungen, Einsichten aus den Sitzungen zu &#8220;verarbeiten&#8221;.<\/p>\n<h2>Ablauf<\/h2>\n<p><b>Das Erstgesp\u00e4ch ist kostenfrei und per\u00f6nlich!<br \/>\n<\/b><\/p>\n<p>Ich kl\u00e4re Sie ausf\u00fchrlich auf, beantworte Ihre Fragen, nehme Ihnen \u00c4ngste und stelle falsche Vorstellungen richtig.<\/p>\n<p>Wir besprechen Ihre Ziele und Motivation und Sie haben die M\u00f6glichkeit unverbindlich Hypnose auszuprobieren (ohne therapeutische Arbeit), um f\u00fcr sich zu entscheiden, ob die Arbeit in Hypnose Ihnen liegt oder Sie sich lieber f\u00fcr ein anderes psychotherapeutisches Format entscheiden wollen.<\/p>\n<hr \/>\n<p>Meist ben\u00f6tigt man nur wenige Sitzungen (ca. 1-4 pro Anliegen) um schon eine Verbesserung zu erkennen, weswegen diese Therapieform kosteng\u00fcnstiger ist, als die meisten anderen.<\/p>\n<p>Zu diesem Ergebnis kam der Wissenschaftler Alfred A. Barrios , der das Preis \/ Leistungsverh\u00e4ltnis der drei wichtigen Therapieformen \u2013 Psychoananalyse, Verhaltenstherapie, Hypnosetherapie \u2013 verglichen hat und zu dem Ergebnis kam, das Hypnose nicht nur am preisg\u00fcnstigsten ist , sondern auch am wirkungsvollsten!<\/p>\n<blockquote><p>Psychoananalyse: 38% der Menschen haben nach 600 Sitzungen eine L\u00f6sung erreicht.<br \/>\nVerhaltenstherapie: 72% der Menschen haben nach 22 Sitzungen eine L\u00f6sung erreicht.<br \/>\nHypnosetherapie: 93% der Menschen haben nach 6 Sitzungen eine L\u00f6sung erreicht.<\/p>\n<p>Quelle: Alfred A. Barrios, PhD, in Psychotherapy Magazine, v7n1, and in Psychotherapy: Theory, Research, and Practice, Spring 1970<\/p><\/blockquote>\n","protected":false},"excerpt":{"rendered":"<p>Vorteil offizielle Therapeutenpartnerin vom renommierten Dr. Norbert Preetz staatlich zugelassene Heilpraktikerin f\u00fcr Psychotherapie ausgebildete, kompetente Sprecherin (angenehme Stimmf\u00fchrung w\u00e4hrend der Hypnose) ursachenorientierte Hypnosetherapie nur so viele Sitzungen wie wirklich ben\u00f6tigt werden Sie zahlen pro Sitzung einen Festpreis (keinen Minutenpreis) keine Therapievertr\u00e4ge oder Verpflichtungen f\u00fcr eine bestimmte Anzahl an Sitzungen Intensiver Vorbereitungsprozess Kurzzeittherapie ca. 1-5 Sitzungen &hellip; <a href=\"https:\/\/hypnose-koepenick.de\/?page_id=13\" class=\"more-link\">Continue reading<span class=\"screen-reader-text\"> &#8220;Preise und Ablauf&#8221;<\/span><\/a><\/p>\n","protected":false},"author":1,"featured_media":326,"parent":0,"menu_order":0,"comment_status":"closed","ping_status":"closed","template":"","meta":{"footnotes":""},"class_list":["post-13","page","type-page","status-publish","has-post-thumbnail","hentry"],"_links":{"self":[{"href":"https:\/\/hypnose-koepenick.de\/index.php?rest_route=\/wp\/v2\/pages\/13","targetHints":{"allow":["GET"]}}],"collection":[{"href":"https:\/\/hypnose-koepenick.de\/index.php?rest_route=\/wp\/v2\/pages"}],"about":[{"href":"https:\/\/hypnose-koepenick.de\/index.php?rest_route=\/wp\/v2\/types\/page"}],"author":[{"embeddable":true,"href":"https:\/\/hypnose-koepenick.de\/index.php?rest_route=\/wp\/v2\/users\/1"}],"replies":[{"embeddable":true,"href":"https:\/\/hypnose-koepenick.de\/index.php?rest_route=%2Fwp%2Fv2%2Fcomments&post=13"}],"version-history":[{"count":16,"href":"https:\/\/hypnose-koepenick.de\/index.php?rest_route=\/wp\/v2\/pages\/13\/revisions"}],"predecessor-version":[{"id":831,"href":"https:\/\/hypnose-koepenick.de\/index.php?rest_route=\/wp\/v2\/pages\/13\/revisions\/831"}],"wp:featuredmedia":[{"embeddable":true,"href":"https:\/\/hypnose-koepenick.de\/index.php?rest_route=\/wp\/v2\/media\/326"}],"wp:attachment":[{"href":"https:\/\/hypnose-koepenick.de\/index.php?rest_route=%2Fwp%2Fv2%2Fmedia&parent=13"}],"curies":[{"name":"wp","href":"https:\/\/api.w.org\/{rel}","templated":true}]}}