{"id":15,"date":"2016-12-04T12:30:11","date_gmt":"2016-12-04T11:30:11","guid":{"rendered":"http:\/\/www.hypnose-koepenick.de\/?page_id=15"},"modified":"2026-04-10T14:11:20","modified_gmt":"2026-04-10T14:11:20","slug":"kontakt","status":"publish","type":"page","link":"https:\/\/hypnose-koepenick.de\/?page_id=15","title":{"rendered":"Kontakt"},"content":{"rendered":"<p>Heilpraktikerin f\u00fcr Psychotherapie<br \/>Kellina Klein<\/p>\n<p><strong>Praxis K\u00f6penick<\/strong><br \/>Rosenstr.15<br \/>12555 Berlin<br \/>Deutschland<\/p>\n<p>Telefonnummer:<br \/><a id=\"phonenr\" href=\"tel:015155419198\">0151 \/ 554 191 98<\/a><\/p>\n<p>E-Mail: <a href=\"mailto:info@hypnose-koepenick.de\">info@hypnose-koepenick.de<\/a><\/p>\n<hr \/>\n<p>Die Praxis ist gut erreichbar mit \u00f6ffentlichen Verkehrsmitteln<\/p>\n<p>Haltestelle: Rathaus K\u00f6penick<\/p>\n<p>Zudem befindet sich neben der Praxis<br \/>ein gro\u00dfer \u00f6ffentlicher Parkplatz f\u00fcr<br \/>2\u20ac pro Stunde.<\/p>\n<hr \/>\n<div>\n<p dir=\"ltr\"><strong>Praxis Panketal<\/strong><\/p>\n<p dir=\"auto\">Solothurnstr. 52 A <br \/><span class=\"fMYBhe\">16341 Panketal<br \/><a href=\"https:\/\/www.hypnose-panketal.com\/\">www.hypnose-panketal.com<\/a><\/span><\/p>\n<p dir=\"auto\">Parkplatz ist direkt vor der Praxis m\u00f6glich.<\/p>\n<\/div>\n\n\n<p><\/p>\n\n\n<\/p>","protected":false},"excerpt":{"rendered":"<p>Heilpraktikerin f\u00fcr PsychotherapieKellina Klein Praxis K\u00f6penickRosenstr.1512555 BerlinDeutschland Telefonnummer:0151 \/ 554 191 98 E-Mail: info@hypnose-koepenick.de Die Praxis ist gut erreichbar mit \u00f6ffentlichen Verkehrsmitteln Haltestelle: Rathaus K\u00f6penick Zudem befindet sich neben der Praxisein gro\u00dfer \u00f6ffentlicher Parkplatz f\u00fcr2\u20ac pro Stunde. Praxis Panketal Solothurnstr. 52 A 16341 Panketalwww.hypnose-panketal.com Parkplatz ist direkt vor der Praxis m\u00f6glich.<\/p>\n","protected":false},"author":1,"featured_media":258,"parent":0,"menu_order":0,"comment_status":"closed","ping_status":"closed","template":"template\/page-kontakt.php","meta":{"footnotes":""},"class_list":["post-15","page","type-page","status-publish","has-post-thumbnail","hentry"],"_links":{"self":[{"href":"https:\/\/hypnose-koepenick.de\/index.php?rest_route=\/wp\/v2\/pages\/15","targetHints":{"allow":["GET"]}}],"collection":[{"href":"https:\/\/hypnose-koepenick.de\/index.php?rest_route=\/wp\/v2\/pages"}],"about":[{"href":"https:\/\/hypnose-koepenick.de\/index.php?rest_route=\/wp\/v2\/types\/page"}],"author":[{"embeddable":true,"href":"https:\/\/hypnose-koepenick.de\/index.php?rest_route=\/wp\/v2\/users\/1"}],"replies":[{"embeddable":true,"href":"https:\/\/hypnose-koepenick.de\/index.php?rest_route=%2Fwp%2Fv2%2Fcomments&post=15"}],"version-history":[{"count":13,"href":"https:\/\/hypnose-koepenick.de\/index.php?rest_route=\/wp\/v2\/pages\/15\/revisions"}],"predecessor-version":[{"id":874,"href":"https:\/\/hypnose-koepenick.de\/index.php?rest_route=\/wp\/v2\/pages\/15\/revisions\/874"}],"wp:featuredmedia":[{"embeddable":true,"href":"https:\/\/hypnose-koepenick.de\/index.php?rest_route=\/wp\/v2\/media\/258"}],"wp:attachment":[{"href":"https:\/\/hypnose-koepenick.de\/index.php?rest_route=%2Fwp%2Fv2%2Fmedia&parent=15"}],"curies":[{"name":"wp","href":"https:\/\/api.w.org\/{rel}","templated":true}]}}