{"id":17,"date":"2016-12-04T12:30:28","date_gmt":"2016-12-04T11:30:28","guid":{"rendered":"http:\/\/www.hypnose-koepenick.de\/?page_id=17"},"modified":"2026-04-09T16:26:07","modified_gmt":"2026-04-09T16:26:07","slug":"impressum","status":"publish","type":"page","link":"https:\/\/hypnose-koepenick.de\/?page_id=17","title":{"rendered":"Impressum"},"content":{"rendered":"<div class=\"w40 links\">\n<p><b>Kellina Klein<\/b><br \/>\nRosenstr. 15<br \/>\n12555 Berlin<\/p>\n<p><a href=\"tel:4915155419198\">+49 151 55419198<\/a><\/p>\n<p>Email: <a href=\"mailto:info@hypnose-koepenick.de\">info@hypnose-koepenick.de<\/a><\/p>\n<p><a href=\"http:\/\/www.hypnose-koepenick.de\/\">www.hypnose-koepenick.de<\/a><\/p>\n<\/div>\n<div class=\"w60 links\">\n<p><b>Zulassung zum Heilpraktiker f\u00fcr Psychotherapie <\/b><br \/>\ndurch das Bezirksamt Tempelhof-Sch\u00f6neberg von Berlin<\/p>\n<p>Burgemeisterstr.70<br \/>\n12103 Berlin<\/p>\n<p><a href=\"http:\/\/www.gesetze-im-internet.de\/heilprg\/BJNR002510939.html\" target=\"_blank\" rel=\"noopener noreferrer\">Heilpraktikergesetz Deutschland<\/a><\/p>\n<p><a href=\"https:\/\/www.bdh-online.de\/wp-content\/uploads\/2015\/08\/Berufsordnung-Heilpraktiker_2015_210x297_20150814.pdf\" target=\"_blank\" rel=\"noopener noreferrer\">Berufsordnung f\u00fcr Heilpraktiker <\/a><\/p>\n<\/div>\n<p>&nbsp;<\/p>\n<p>&nbsp;<\/p>\n<div class=\"w100 links\">\n<p>&nbsp;<\/p>\n<p>&nbsp;<\/p>\n<\/div>\n","protected":false},"excerpt":{"rendered":"<p>Kellina Klein Rosenstr. 15 12555 Berlin +49 151 55419198 Email: info@hypnose-koepenick.de www.hypnose-koepenick.de Zulassung zum Heilpraktiker f\u00fcr Psychotherapie durch das Bezirksamt Tempelhof-Sch\u00f6neberg von Berlin Burgemeisterstr.70 12103 Berlin Heilpraktikergesetz Deutschland Berufsordnung f\u00fcr Heilpraktiker &nbsp; &nbsp; &nbsp; &nbsp;<\/p>\n","protected":false},"author":1,"featured_media":258,"parent":0,"menu_order":0,"comment_status":"closed","ping_status":"closed","template":"","meta":{"footnotes":""},"class_list":["post-17","page","type-page","status-publish","has-post-thumbnail","hentry"],"_links":{"self":[{"href":"https:\/\/hypnose-koepenick.de\/index.php?rest_route=\/wp\/v2\/pages\/17","targetHints":{"allow":["GET"]}}],"collection":[{"href":"https:\/\/hypnose-koepenick.de\/index.php?rest_route=\/wp\/v2\/pages"}],"about":[{"href":"https:\/\/hypnose-koepenick.de\/index.php?rest_route=\/wp\/v2\/types\/page"}],"author":[{"embeddable":true,"href":"https:\/\/hypnose-koepenick.de\/index.php?rest_route=\/wp\/v2\/users\/1"}],"replies":[{"embeddable":true,"href":"https:\/\/hypnose-koepenick.de\/index.php?rest_route=%2Fwp%2Fv2%2Fcomments&post=17"}],"version-history":[{"count":1,"href":"https:\/\/hypnose-koepenick.de\/index.php?rest_route=\/wp\/v2\/pages\/17\/revisions"}],"predecessor-version":[{"id":873,"href":"https:\/\/hypnose-koepenick.de\/index.php?rest_route=\/wp\/v2\/pages\/17\/revisions\/873"}],"wp:featuredmedia":[{"embeddable":true,"href":"https:\/\/hypnose-koepenick.de\/index.php?rest_route=\/wp\/v2\/media\/258"}],"wp:attachment":[{"href":"https:\/\/hypnose-koepenick.de\/index.php?rest_route=%2Fwp%2Fv2%2Fmedia&parent=17"}],"curies":[{"name":"wp","href":"https:\/\/api.w.org\/{rel}","templated":true}]}}