{"id":475,"date":"2017-09-15T11:17:25","date_gmt":"2017-09-15T09:17:25","guid":{"rendered":"https:\/\/www.hypnose-koepenick.de\/?page_id=475"},"modified":"2019-11-26T06:29:22","modified_gmt":"2019-11-26T06:29:22","slug":"abnehmen-mit-hypnose","status":"publish","type":"page","link":"https:\/\/hypnose-koepenick.de\/?page_id=475","title":{"rendered":"Abnehmen mit Hypnose"},"content":{"rendered":"<p>Wenn es mit dem Abnehmen und der Ern\u00e4hrungsumstellung bislang nicht funktioniert hat, liegt dies am Unterbewusstsein, welches das pers\u00f6nliche Essverhalten gef\u00fchlsgesteuert beeinflusst. Im Unterbewusstsein ist die Information gespeichert, welche uns bei stressigen oder langweiligen, \u00e4ngstlichen oder frustrierenden, traurigen oder gl\u00fccklichen Situationen zum emotionalen Essen veranlasst.<\/p>\n<p>Als&nbsp;Hypnosetherapeutin mit langj\u00e4hriger Erfahrung unterst\u00fctze ich Sie mit der Methode der Trance neben der Raucherentw\u00f6hnung auch die \u00fcbergewichtigen Klientinnen und Klienten nachhaltig und auf ihrem Weg hin zu ver\u00e4ndertem und gesundem Essverhalten.<\/p>\n<p>Die M\u00f6glichkeiten der Hypnose erschlie\u00dfen sich nach einem vertrauensvollen Vorgespr\u00e4ch. Meine&nbsp;<a href=\"https:\/\/www.hypnose-koepenick.de\/\">Hypnosepraxis<\/a> bietet Ihnen einen gesch\u00fctzten und angenehmen Rahmen f\u00fcr L\u00f6sungen zu individuellen Problemen, wie dem Ziel <em>dauerhaft schlank zu sein<\/em>. Der Vorteil von <a href=\"https:\/\/hypnose-koepenick.de\/?page_id=9\">Hypnose<\/a> ist, dass in wenigen Hypnotherapie-Sitzungen mittels Kommunikation mit dem Unterbewusstsein Erfolge erzielt werden k\u00f6nnen &#8211; gesund und ohne die Einnahme von Medikamenten, ohne zu hungern und ohne m\u00fchsame Di\u00e4t.<\/p>\n<p>Erfolgreich Abnehmen durch Hypnose in Berlin ist meiner&nbsp;Praxis f\u00fcr Hypnotherapie in Berlin-K\u00f6penick m\u00f6glich. Profitieren Sie von der wirksamen Methode der Hypnose in Berlin-K\u00f6penick und gehen Sie ab sofort selbstbestimmt, befreit und gesund durchs Leben.<\/p>\n","protected":false},"excerpt":{"rendered":"<p>Wenn es mit dem Abnehmen und der Ern\u00e4hrungsumstellung bislang nicht funktioniert hat, liegt dies am Unterbewusstsein, welches das pers\u00f6nliche Essverhalten gef\u00fchlsgesteuert beeinflusst. Im Unterbewusstsein ist die Information gespeichert, welche uns bei stressigen oder langweiligen, \u00e4ngstlichen oder frustrierenden, traurigen oder gl\u00fccklichen Situationen zum emotionalen Essen veranlasst. Als&nbsp;Hypnosetherapeutin mit langj\u00e4hriger Erfahrung unterst\u00fctze ich Sie mit der Methode &hellip; <a href=\"https:\/\/hypnose-koepenick.de\/?page_id=475\" class=\"more-link\">Continue reading<span class=\"screen-reader-text\"> &#8220;Abnehmen mit Hypnose&#8221;<\/span><\/a><\/p>\n","protected":false},"author":1,"featured_media":321,"parent":11,"menu_order":0,"comment_status":"closed","ping_status":"closed","template":"template\/page-leistungen.php","meta":{"footnotes":""},"class_list":["post-475","page","type-page","status-publish","has-post-thumbnail","hentry"],"_links":{"self":[{"href":"https:\/\/hypnose-koepenick.de\/index.php?rest_route=\/wp\/v2\/pages\/475","targetHints":{"allow":["GET"]}}],"collection":[{"href":"https:\/\/hypnose-koepenick.de\/index.php?rest_route=\/wp\/v2\/pages"}],"about":[{"href":"https:\/\/hypnose-koepenick.de\/index.php?rest_route=\/wp\/v2\/types\/page"}],"author":[{"embeddable":true,"href":"https:\/\/hypnose-koepenick.de\/index.php?rest_route=\/wp\/v2\/users\/1"}],"replies":[{"embeddable":true,"href":"https:\/\/hypnose-koepenick.de\/index.php?rest_route=%2Fwp%2Fv2%2Fcomments&post=475"}],"version-history":[{"count":3,"href":"https:\/\/hypnose-koepenick.de\/index.php?rest_route=\/wp\/v2\/pages\/475\/revisions"}],"predecessor-version":[{"id":611,"href":"https:\/\/hypnose-koepenick.de\/index.php?rest_route=\/wp\/v2\/pages\/475\/revisions\/611"}],"up":[{"embeddable":true,"href":"https:\/\/hypnose-koepenick.de\/index.php?rest_route=\/wp\/v2\/pages\/11"}],"wp:featuredmedia":[{"embeddable":true,"href":"https:\/\/hypnose-koepenick.de\/index.php?rest_route=\/wp\/v2\/media\/321"}],"wp:attachment":[{"href":"https:\/\/hypnose-koepenick.de\/index.php?rest_route=%2Fwp%2Fv2%2Fmedia&parent=475"}],"curies":[{"name":"wp","href":"https:\/\/api.w.org\/{rel}","templated":true}]}}