{"id":481,"date":"2017-09-15T11:31:47","date_gmt":"2017-09-15T09:31:47","guid":{"rendered":"https:\/\/www.hypnose-koepenick.de\/?page_id=481"},"modified":"2019-11-26T12:50:31","modified_gmt":"2019-11-26T12:50:31","slug":"hypnose-angst-phobien","status":"publish","type":"page","link":"https:\/\/hypnose-koepenick.de\/?page_id=481","title":{"rendered":"Hypnose bei Angst und Phobien"},"content":{"rendered":"<p>Angstst\u00f6rungen und Phobien kommen h\u00e4ufiger vor als man erwartet. So leiden Betroffene unter Angst vor H\u00f6he, Angst vor weiten Pl\u00e4tzen oder engen R\u00e4umen, Angst vor dem Fliegen oder dem Zahnarzt, Angst vor dem Err\u00f6ten oder vor Spinnen. Im Fall v\u00f6llig unbegr\u00fcndeter und \u00fcbersteigerter Angst spricht man von einer zu behandelnden Phobie. Denn w\u00e4hrend die Angst eine nat\u00fcrliche Schutzfunktion des K\u00f6rpers vor drohender Gefahr darstellt, ist dem Phobiker die Phobie als \u00fcbertriebene und unbegr\u00fcndete Panik bewusst. Dem entsprechend besteht ein hoher Leidensdruck bei den Betroffenen mit Auswirkungen auf k\u00f6rperlicher und seelischer Ebene.<\/p>\n<p>Die Hypnosetherapie kann Ihnen effektiv helfen tief verwurzelte psychisch belastende Ursachen zu erkennen, zu verstehen, zu bew\u00e4ltigen und individuelle Belastungen aufarbeiten um dann dauerhaft frei von Angst zu leben. Als Therapeutin verf\u00fcge ich mit der Hypnose \u00fcber eine sichere Methode f\u00fcr schnelle Ergebnisse bei Angstst\u00f6rungen. W\u00e4hrend der k\u00f6rperlich entspannten und geistig fokussierten Trance wird mit dem Unterbewusstsein kommuniziert um Ihre tief vergrabenen \u00c4ngste aufzudecken.<\/p>\n<p>Alle M\u00f6glichkeiten der bei Phobien effektiven Hypnose erschlie\u00dfen sich nach einem vertrauensvollen Vorgespr\u00e4ch. Meine Hypnosepraxis bietet Ihnen eine gesch\u00fctzte und angenehme Umgebung f\u00fcr Auswege bei Lebenskrisen und dem Umsetzen Ihrer Ziele. Der Vorteil von Hypnose ist, dass Ihre \u00c4ngste in wenigen Hypnotherapie-Sitzungen bew\u00e4ltigt werden k\u00f6nnen &#8211; mit gutem Gef\u00fchl und ohne die Einnahme von Medikamenten. Die k\u00f6rperliche Entspannung stellt sich &#8211; bei bislang Panikattacken ausl\u00f6senden Situationen &#8211; k\u00fcnftig z\u00fcgig ein. Die <a title=\"Hypnose\" href=\"https:\/\/hypnose-koepenick.de\/?page_id=9\">Hypnose<\/a> f\u00fchrt Sie endlich hin zu einem angstfreien Leben.<\/p>\n<p>Machen Sie jetzt den ersten Schritt zu einem entspannten Leben und profitieren Sie von der wirksamen Methode der Hypnosetherapie in Berlin-K\u00f6penick. Gehen Sie ab sofort vom Unterbewusstsein gest\u00e4rkt, von Angstzust\u00e4nden gel\u00f6st und entspannt durch den nie so frei erlebten Alltag. Hier in Berlin kann Ihnen individuell in der <a title=\"Hypnosepraxis in Berlin-K\u00f6penick\" href=\"https:\/\/www.hypnose-koepenick.de\/\">Hypnosepraxis Berlin-K\u00f6penick<\/a> nachhaltig f\u00fcr K\u00f6rper, Seele und Geist mittels einer individuell abgestimmten Therapie geholfen werden.<\/p>\n","protected":false},"excerpt":{"rendered":"<p>Angstst\u00f6rungen und Phobien kommen h\u00e4ufiger vor als man erwartet. So leiden Betroffene unter Angst vor H\u00f6he, Angst vor weiten Pl\u00e4tzen oder engen R\u00e4umen, Angst vor dem Fliegen oder dem Zahnarzt, Angst vor dem Err\u00f6ten oder vor Spinnen. Im Fall v\u00f6llig unbegr\u00fcndeter und \u00fcbersteigerter Angst spricht man von einer zu behandelnden Phobie. Denn w\u00e4hrend die Angst &hellip; <a href=\"https:\/\/hypnose-koepenick.de\/?page_id=481\" class=\"more-link\">Continue reading<span class=\"screen-reader-text\"> &#8220;Hypnose bei Angst und Phobien&#8221;<\/span><\/a><\/p>\n","protected":false},"author":1,"featured_media":321,"parent":11,"menu_order":0,"comment_status":"closed","ping_status":"closed","template":"template\/page-leistungen.php","meta":{"footnotes":""},"class_list":["post-481","page","type-page","status-publish","has-post-thumbnail","hentry"],"_links":{"self":[{"href":"https:\/\/hypnose-koepenick.de\/index.php?rest_route=\/wp\/v2\/pages\/481","targetHints":{"allow":["GET"]}}],"collection":[{"href":"https:\/\/hypnose-koepenick.de\/index.php?rest_route=\/wp\/v2\/pages"}],"about":[{"href":"https:\/\/hypnose-koepenick.de\/index.php?rest_route=\/wp\/v2\/types\/page"}],"author":[{"embeddable":true,"href":"https:\/\/hypnose-koepenick.de\/index.php?rest_route=\/wp\/v2\/users\/1"}],"replies":[{"embeddable":true,"href":"https:\/\/hypnose-koepenick.de\/index.php?rest_route=%2Fwp%2Fv2%2Fcomments&post=481"}],"version-history":[{"count":1,"href":"https:\/\/hypnose-koepenick.de\/index.php?rest_route=\/wp\/v2\/pages\/481\/revisions"}],"predecessor-version":[{"id":633,"href":"https:\/\/hypnose-koepenick.de\/index.php?rest_route=\/wp\/v2\/pages\/481\/revisions\/633"}],"up":[{"embeddable":true,"href":"https:\/\/hypnose-koepenick.de\/index.php?rest_route=\/wp\/v2\/pages\/11"}],"wp:featuredmedia":[{"embeddable":true,"href":"https:\/\/hypnose-koepenick.de\/index.php?rest_route=\/wp\/v2\/media\/321"}],"wp:attachment":[{"href":"https:\/\/hypnose-koepenick.de\/index.php?rest_route=%2Fwp%2Fv2%2Fmedia&parent=481"}],"curies":[{"name":"wp","href":"https:\/\/api.w.org\/{rel}","templated":true}]}}