{"id":489,"date":"2017-09-15T13:05:18","date_gmt":"2017-09-15T11:05:18","guid":{"rendered":"https:\/\/www.hypnose-koepenick.de\/?page_id=489"},"modified":"2017-09-15T13:05:18","modified_gmt":"2017-09-15T11:05:18","slug":"rauchentwoehnung-hypnose","status":"publish","type":"page","link":"https:\/\/hypnose-koepenick.de\/?page_id=489","title":{"rendered":"Raucherentw\u00f6hnung mit Hypnose"},"content":{"rendered":"<p>Wenn es bei Ihnen mit der Raucherentw\u00f6hnung bislang nicht funktioniert hat, liegt dies am Unterbewusstsein, welches das pers\u00f6nliche Rauch-, und damit Suchtverhalten, gesteuert von tief sitzenden Gef\u00fchlen beeinflusst. Ihr Unterbewusstsein sendet Ihrem K\u00f6rper und Geist n\u00e4mlich immer wieder die Benachrichtigung, welche Sie bei belastenden oder gef\u00fchlsbetonten Situationen zum Rauchen veranlasst, um sich vermeindlich wohlzuf\u00fchlen.<\/p>\n<p>Mit der seit Jahrzehnten wissenschaftlich anerkannten und therapeutisch erfolgreichen Methode der Hypnose packe ich als Therapeutin das belastende Problem der Raucherentw\u00f6hnung mittels Trance effektiv an der Wurzel. Das international bew\u00e4hrte Verfahren der Hypnose wirkt im k\u00f6rperentspannten Zustand bei wachem Geist mit positiven Verhaltensans\u00e4tzen im Unterbewusstsein. So unterst\u00fctze ich als Hypnosetherapeutin bisherige Raucherinnen und Raucher nachhaltig bei ihrem Ziel weg von Zigaretten &#8211; hin zu einem rauchfreien, entgifteten, gesunden Leben ohne Suchtverhalten.<\/p>\n<p>Raucherentw\u00f6hnung durch Hypnose in Berlin ist in meiner Praxis f\u00fcr Hypnotherapie in Berlin-K\u00f6penick in wenigen Sitzungen m\u00f6glich &#8211; wenn Sie es von sich aus gerne wollen. Machen Sie jetzt den ersten Schritt und profitieren Sie von der wirksamen Methode der Hypnose. Gehen Sie ab sofort vom Unterbewusstsein gest\u00e4rkt, von Abh\u00e4ngigkeit befreit und rauchfrei durchs Leben. Investieren Sie bei der <em>Raucherentw\u00f6hnung durch Hypnose<\/em> in Ihre Gesundheit und sparen Sie sich auf Dauer die Ausgaben f\u00fcr sch\u00e4dliche Zigaretten. Ihr K\u00f6rper, Ihre Gesundheit und Ihre Umgebung werden es Ihnen danken und Sie sind es sich auf jeden Fall wert!<\/p>\n","protected":false},"excerpt":{"rendered":"<p>Wenn es bei Ihnen mit der Raucherentw\u00f6hnung bislang nicht funktioniert hat, liegt dies am Unterbewusstsein, welches das pers\u00f6nliche Rauch-, und damit Suchtverhalten, gesteuert von tief sitzenden Gef\u00fchlen beeinflusst. Ihr Unterbewusstsein sendet Ihrem K\u00f6rper und Geist n\u00e4mlich immer wieder die Benachrichtigung, welche Sie bei belastenden oder gef\u00fchlsbetonten Situationen zum Rauchen veranlasst, um sich vermeindlich wohlzuf\u00fchlen. Mit &hellip; <a href=\"https:\/\/hypnose-koepenick.de\/?page_id=489\" class=\"more-link\">Continue reading<span class=\"screen-reader-text\"> &#8220;Raucherentw\u00f6hnung mit Hypnose&#8221;<\/span><\/a><\/p>\n","protected":false},"author":1,"featured_media":321,"parent":11,"menu_order":0,"comment_status":"closed","ping_status":"closed","template":"template\/page-leistungen.php","meta":{"footnotes":""},"class_list":["post-489","page","type-page","status-publish","has-post-thumbnail","hentry"],"_links":{"self":[{"href":"https:\/\/hypnose-koepenick.de\/index.php?rest_route=\/wp\/v2\/pages\/489","targetHints":{"allow":["GET"]}}],"collection":[{"href":"https:\/\/hypnose-koepenick.de\/index.php?rest_route=\/wp\/v2\/pages"}],"about":[{"href":"https:\/\/hypnose-koepenick.de\/index.php?rest_route=\/wp\/v2\/types\/page"}],"author":[{"embeddable":true,"href":"https:\/\/hypnose-koepenick.de\/index.php?rest_route=\/wp\/v2\/users\/1"}],"replies":[{"embeddable":true,"href":"https:\/\/hypnose-koepenick.de\/index.php?rest_route=%2Fwp%2Fv2%2Fcomments&post=489"}],"version-history":[{"count":0,"href":"https:\/\/hypnose-koepenick.de\/index.php?rest_route=\/wp\/v2\/pages\/489\/revisions"}],"up":[{"embeddable":true,"href":"https:\/\/hypnose-koepenick.de\/index.php?rest_route=\/wp\/v2\/pages\/11"}],"wp:featuredmedia":[{"embeddable":true,"href":"https:\/\/hypnose-koepenick.de\/index.php?rest_route=\/wp\/v2\/media\/321"}],"wp:attachment":[{"href":"https:\/\/hypnose-koepenick.de\/index.php?rest_route=%2Fwp%2Fv2%2Fmedia&parent=489"}],"curies":[{"name":"wp","href":"https:\/\/api.w.org\/{rel}","templated":true}]}}