{"id":492,"date":"2017-09-15T13:23:47","date_gmt":"2017-09-15T11:23:47","guid":{"rendered":"https:\/\/www.hypnose-koepenick.de\/?page_id=492"},"modified":"2019-11-27T05:28:41","modified_gmt":"2019-11-27T05:28:41","slug":"hypnose-schlafstoerungen","status":"publish","type":"page","link":"https:\/\/hypnose-koepenick.de\/?page_id=492","title":{"rendered":"Hypnose bei Schlafst\u00f6rungen"},"content":{"rendered":"<p>Nun k\u00f6nnen anhaltende Schlafst\u00f6rungen diverse psychische, physische und physiologische Ursachen haben, denen es auf den Grund zu gehen gilt. Belastende Ereignisse, nicht bew\u00e4ltigte Traumata, depressive Phasen, Lebenskrisen und Sorgen k\u00f6nnen zu Alptr\u00e4umen und Insomnie f\u00fchren. Hier kann die Hypnose helfen, st\u00f6rende Einfl\u00fcsse dauerhaft auszublenden und Selbstheilungs- und Widerstandskr\u00e4fte zu aktivieren.<\/p>\n<p>Mit der seit Jahrzehnten anerkannten und therapeutisch bew\u00e4hrten Methode der Hypnoanalyse packt die Therapeutin das belastende Problem der Schlafst\u00f6rung mittels Trance effektiv an der Wurzel. Hypnosetherapie kann aktuelle Ursachen aufdecken, seelische Problematiken aufl\u00f6sen, individuelle Belastungen aufarbeiten, und gezielt zum gesunden Durchschlafen beitragen. Das erfolgreiche Hypnose-Verfahren wirkt im k\u00f6rperentspannten Zustand bei wachem Geist positiv im Unterbewusstsein. Ich als Ihre Hypnosetherapeutin unterst\u00fctze Sie dabei die Schlaflosigkeit bzw. die Schlafst\u00f6rungen in den Griff zu bekommen.<\/p>\n<p>Alle M\u00f6glichkeiten der individuellen Hypnose erschlie\u00dfen sich nach einem vertrauensvoll aufkl\u00e4renden Vorgespr\u00e4ch. Meine Hypnosepraxis bietet eine gesch\u00fctzte und angenehme Umgebung f\u00fcr Auswege bei Lebenskrisen und Ihrem Ziel wieder besser schlafen zu k\u00f6nnen. Der Vorteil von Hypnose ist, dass in wenigen Hypnosetherapie-Sitzungen Schlafst\u00f6rungen bew\u00e4ltigt werden k\u00f6nnen &#8211; gesund und ohne die Einnahme von Medikamenten und deren Abh\u00e4ngigkeit und Nebenwirkungen. Die k\u00f6rperliche Entspannung stellt sich z\u00fcgig ein, man lernt loszulassen, und das Durchschlafen f\u00fchrt endlich hin zu einem gesunden und fitten Leben.<\/p>\n<p>Machen Sie jetzt den ersten Schritt zu einem entspannten Leben und profitieren Sie von der wirksamen Methode der <a href=\"https:\/\/hypnose-koepenick.de\/?page_id=9\">Hypnose<\/a> in Berlin-K\u00f6penick. Lassen Sie uns ein St\u00fcck gemeinsam gehen und alte Wunden haben die M\u00f6glichkeit zu heilen. In meiner <a href=\"https:\/\/www.hypnose-koepenick.de\/\" data-wplink-edit=\"true\">Hypnosepraxis in Berlin-K\u00f6penick<\/a> kann Ihnen nachhaltig f\u00fcr K\u00f6rper, Seele und Geist mit Hypnosetherapie geholfen werden.<\/p>\n","protected":false},"excerpt":{"rendered":"<p>Nun k\u00f6nnen anhaltende Schlafst\u00f6rungen diverse psychische, physische und physiologische Ursachen haben, denen es auf den Grund zu gehen gilt. Belastende Ereignisse, nicht bew\u00e4ltigte Traumata, depressive Phasen, Lebenskrisen und Sorgen k\u00f6nnen zu Alptr\u00e4umen und Insomnie f\u00fchren. Hier kann die Hypnose helfen, st\u00f6rende Einfl\u00fcsse dauerhaft auszublenden und Selbstheilungs- und Widerstandskr\u00e4fte zu aktivieren. Mit der seit Jahrzehnten anerkannten &hellip; <a href=\"https:\/\/hypnose-koepenick.de\/?page_id=492\" class=\"more-link\">Continue reading<span class=\"screen-reader-text\"> &#8220;Hypnose bei Schlafst\u00f6rungen&#8221;<\/span><\/a><\/p>\n","protected":false},"author":1,"featured_media":321,"parent":11,"menu_order":0,"comment_status":"closed","ping_status":"closed","template":"template\/page-leistungen.php","meta":{"footnotes":""},"class_list":["post-492","page","type-page","status-publish","has-post-thumbnail","hentry"],"_links":{"self":[{"href":"https:\/\/hypnose-koepenick.de\/index.php?rest_route=\/wp\/v2\/pages\/492","targetHints":{"allow":["GET"]}}],"collection":[{"href":"https:\/\/hypnose-koepenick.de\/index.php?rest_route=\/wp\/v2\/pages"}],"about":[{"href":"https:\/\/hypnose-koepenick.de\/index.php?rest_route=\/wp\/v2\/types\/page"}],"author":[{"embeddable":true,"href":"https:\/\/hypnose-koepenick.de\/index.php?rest_route=\/wp\/v2\/users\/1"}],"replies":[{"embeddable":true,"href":"https:\/\/hypnose-koepenick.de\/index.php?rest_route=%2Fwp%2Fv2%2Fcomments&post=492"}],"version-history":[{"count":1,"href":"https:\/\/hypnose-koepenick.de\/index.php?rest_route=\/wp\/v2\/pages\/492\/revisions"}],"predecessor-version":[{"id":638,"href":"https:\/\/hypnose-koepenick.de\/index.php?rest_route=\/wp\/v2\/pages\/492\/revisions\/638"}],"up":[{"embeddable":true,"href":"https:\/\/hypnose-koepenick.de\/index.php?rest_route=\/wp\/v2\/pages\/11"}],"wp:featuredmedia":[{"embeddable":true,"href":"https:\/\/hypnose-koepenick.de\/index.php?rest_route=\/wp\/v2\/media\/321"}],"wp:attachment":[{"href":"https:\/\/hypnose-koepenick.de\/index.php?rest_route=%2Fwp%2Fv2%2Fmedia&parent=492"}],"curies":[{"name":"wp","href":"https:\/\/api.w.org\/{rel}","templated":true}]}}