{"id":495,"date":"2017-09-15T13:40:51","date_gmt":"2017-09-15T11:40:51","guid":{"rendered":"https:\/\/www.hypnose-koepenick.de\/?page_id=495"},"modified":"2019-11-26T12:48:24","modified_gmt":"2019-11-26T12:48:24","slug":"hypnose-trauma","status":"publish","type":"page","link":"https:\/\/hypnose-koepenick.de\/?page_id=495","title":{"rendered":"Hypnose bei Trauma"},"content":{"rendered":"<h2>Posttraumatische Belastungsst\u00f6rung<\/h2>\n<p>Sie haben etwas belastendes erlebt\/durchgemacht, die Bilder\/Gef\u00fchle verfolgen Sie bis heute?<\/p>\n<p>Meist ist dem Betroffenen gar nicht bewusst, warum eine Traumatisierung vorliegt. Entsprechend bestehen Belastungsst\u00f6rungen bei den Betroffenen mit Auswirkungen auf k\u00f6rperlicher und seelischer Ebene. Auf Grund traumatischer Erlebnisse in der Vergangenheit leiden Menschen oft ein Leben lang, dabei kann ihnen geholfen und die seelische Last genommen werden.<\/p>\n<p>Hypnosetherapie kann hier effektiv helfen tief verwurzelte psychisch belastende Ursachen zu erkennen. Hypnoanalyse hilft dabei das Trauma aufzudecken um einer inneren Wunde die ben\u00f6tigte Heilung zu erm\u00f6glichen. W\u00e4hrend der Trance sind Sie k\u00f6rperlich entspannt und geistig wach. Betroffene k\u00f6nnen nach der Hypnose wieder in der Lage sein, vergangene traumatische Erlebnisse zu verarbeiten. Negative, vermeidende oder den Betroffenen bislang v\u00f6llig unklare Verhaltensweisen werden nach der Hypnose gel\u00f6st wie ein Splitter, der aus der Wunde gezogen wird. Der Vorteil der <a href=\"https:\/\/hypnose-koepenick.de\/?page_id=9\">Hypnose<\/a> ist, dass in wenigen Hypnosetherapie-Sitzungen Traumatisierungen bew\u00e4ltigt werden k\u00f6nnen.<\/p>\n<p>Meine Hypnosepraxis bietet eine vertraulichen und komfortablen Rahmen f\u00fcr Auswege bei Traumata. In meiner Hypnosepraxis in der K\u00f6penicker Altstadt kann ich Ihnen individuell und dauerhaft auf k\u00f6rperlicher, geistiger und seelischer Ebene mittels einer individuellen Hypnosetherapie helfen. Gewinnen Sie Ihre Lebensqualit\u00e4t zur\u00fcck! Gehen Sie jetzt den ersten Schritt zu einem entspannten Leben und profitieren Sie von der wirksamen Methode der Hypnosetherapie in Berlin-K\u00f6penick. Gehen Sie ab sofort vom Unterbewusstsein gest\u00e4rkt, von traumatischen Erlebnissen gel\u00f6st und entspannt durch den nie so unbelastet erlebten Alltag.<\/p>\n","protected":false},"excerpt":{"rendered":"<p>Posttraumatische Belastungsst\u00f6rung Sie haben etwas belastendes erlebt\/durchgemacht, die Bilder\/Gef\u00fchle verfolgen Sie bis heute? Meist ist dem Betroffenen gar nicht bewusst, warum eine Traumatisierung vorliegt. Entsprechend bestehen Belastungsst\u00f6rungen bei den Betroffenen mit Auswirkungen auf k\u00f6rperlicher und seelischer Ebene. Auf Grund traumatischer Erlebnisse in der Vergangenheit leiden Menschen oft ein Leben lang, dabei kann ihnen geholfen und &hellip; <a href=\"https:\/\/hypnose-koepenick.de\/?page_id=495\" class=\"more-link\">Continue reading<span class=\"screen-reader-text\"> &#8220;Hypnose bei Trauma&#8221;<\/span><\/a><\/p>\n","protected":false},"author":1,"featured_media":321,"parent":11,"menu_order":0,"comment_status":"closed","ping_status":"closed","template":"template\/page-leistungen.php","meta":{"footnotes":""},"class_list":["post-495","page","type-page","status-publish","has-post-thumbnail","hentry"],"_links":{"self":[{"href":"https:\/\/hypnose-koepenick.de\/index.php?rest_route=\/wp\/v2\/pages\/495","targetHints":{"allow":["GET"]}}],"collection":[{"href":"https:\/\/hypnose-koepenick.de\/index.php?rest_route=\/wp\/v2\/pages"}],"about":[{"href":"https:\/\/hypnose-koepenick.de\/index.php?rest_route=\/wp\/v2\/types\/page"}],"author":[{"embeddable":true,"href":"https:\/\/hypnose-koepenick.de\/index.php?rest_route=\/wp\/v2\/users\/1"}],"replies":[{"embeddable":true,"href":"https:\/\/hypnose-koepenick.de\/index.php?rest_route=%2Fwp%2Fv2%2Fcomments&post=495"}],"version-history":[{"count":1,"href":"https:\/\/hypnose-koepenick.de\/index.php?rest_route=\/wp\/v2\/pages\/495\/revisions"}],"predecessor-version":[{"id":632,"href":"https:\/\/hypnose-koepenick.de\/index.php?rest_route=\/wp\/v2\/pages\/495\/revisions\/632"}],"up":[{"embeddable":true,"href":"https:\/\/hypnose-koepenick.de\/index.php?rest_route=\/wp\/v2\/pages\/11"}],"wp:featuredmedia":[{"embeddable":true,"href":"https:\/\/hypnose-koepenick.de\/index.php?rest_route=\/wp\/v2\/media\/321"}],"wp:attachment":[{"href":"https:\/\/hypnose-koepenick.de\/index.php?rest_route=%2Fwp%2Fv2%2Fmedia&parent=495"}],"curies":[{"name":"wp","href":"https:\/\/api.w.org\/{rel}","templated":true}]}}