{"id":510,"date":"2018-04-30T11:37:57","date_gmt":"2018-04-30T09:37:57","guid":{"rendered":"https:\/\/www.hypnose-koepenick.de\/?page_id=510"},"modified":"2024-04-26T06:50:42","modified_gmt":"2024-04-26T06:50:42","slug":"yager-code","status":"publish","type":"page","link":"https:\/\/hypnose-koepenick.de\/?page_id=510","title":{"rendered":"Yager-Code Therapie in Berlin"},"content":{"rendered":"<p>Subliminal lat. sub: &#8220;unter&#8221; und limen: \u201eSchwelle\u201c, deutsch: unterschwellig; ist ein Begriff aus der Psychologie. Er bezeichnet die unterschwellige Darbietung bzw. Wahrnehmung von Reizen. \u201eUnterschwellig\u201c bedeutet, dass die Schwelle des Bewusstseins nicht \u00fcberschritten wird, dass also Menschen die ihnen dargebotenen subliminalen Reize nicht bemerken, sie sind dem Bewusstsein nicht zug\u00e4nglich.<\/p>\n<p>Der Yager-Code funktioniert ohne <a href=\"https:\/\/hypnose-koepenick.de\/?page_id=9\">Hypnose<\/a> unter Einsatz des H\u00f6heren Selbst, einer h\u00f6heren Intelligenz, \u00fcber die jeder Mensch verf\u00fcgt.<\/p>\n<p>Das H\u00f6here Selbst, auch \u00dcberbewusstsein genannt, besitzt aussergew\u00f6hnliche F\u00e4higkeiten von h\u00f6chstem therapeutischem Wert. Es hat Zugang zu allen Teilen des Unterbewusstseins; auch zu den l\u00e4ngst verdr\u00e4ngten traumatischen oder belastenden Erfahrungen. Und es kann mit ihnen kommunizieren und sie rekonditionieren und die entsprechenden Krankheiten und Probleme damit erfolgreich behandeln.<\/p>\n<h2>Der Yager-Code ist praktisch f\u00fcr JEDEN Menschen geeignet &#8211; auch f\u00fcr Kinder!<\/h2>\n<p>Es wird die Arbeit mit Klientengruppen m\u00f6glich, die selbst f\u00fcr erfahrene Therapeuten eine Herausforderung darstellen oder aufgrund Kontraindikationen abgelehnt werden w\u00fcrden.<\/p>\n<p>Auch wird die Arbeit mit Klienten m\u00f6glich, denen eine emotional aufw\u00fchlende Therapie nicht zugemutet werden kann oder darf, wie z.B. Schwangere.<\/p>\n<p>Mit dem Yager-Code k\u00f6nnen Sie auch Hilfe bekommen, wenn Sie nicht \u00fcber Ihr Problem sprechen k\u00f6nnen, d\u00fcrfen oder wollen!<\/p>\n","protected":false},"excerpt":{"rendered":"<p>Subliminal lat. sub: &#8220;unter&#8221; und limen: \u201eSchwelle\u201c, deutsch: unterschwellig; ist ein Begriff aus der Psychologie. Er bezeichnet die unterschwellige Darbietung bzw. Wahrnehmung von Reizen. \u201eUnterschwellig\u201c bedeutet, dass die Schwelle des Bewusstseins nicht \u00fcberschritten wird, dass also Menschen die ihnen dargebotenen subliminalen Reize nicht bemerken, sie sind dem Bewusstsein nicht zug\u00e4nglich. Der Yager-Code funktioniert ohne Hypnose &hellip; <a href=\"https:\/\/hypnose-koepenick.de\/?page_id=510\" class=\"more-link\">Continue reading<span class=\"screen-reader-text\"> &#8220;Yager-Code Therapie in Berlin&#8221;<\/span><\/a><\/p>\n","protected":false},"author":1,"featured_media":321,"parent":0,"menu_order":0,"comment_status":"closed","ping_status":"closed","template":"template\/page-leistungen.php","meta":{"footnotes":""},"class_list":["post-510","page","type-page","status-publish","has-post-thumbnail","hentry"],"_links":{"self":[{"href":"https:\/\/hypnose-koepenick.de\/index.php?rest_route=\/wp\/v2\/pages\/510","targetHints":{"allow":["GET"]}}],"collection":[{"href":"https:\/\/hypnose-koepenick.de\/index.php?rest_route=\/wp\/v2\/pages"}],"about":[{"href":"https:\/\/hypnose-koepenick.de\/index.php?rest_route=\/wp\/v2\/types\/page"}],"author":[{"embeddable":true,"href":"https:\/\/hypnose-koepenick.de\/index.php?rest_route=\/wp\/v2\/users\/1"}],"replies":[{"embeddable":true,"href":"https:\/\/hypnose-koepenick.de\/index.php?rest_route=%2Fwp%2Fv2%2Fcomments&post=510"}],"version-history":[{"count":1,"href":"https:\/\/hypnose-koepenick.de\/index.php?rest_route=\/wp\/v2\/pages\/510\/revisions"}],"predecessor-version":[{"id":631,"href":"https:\/\/hypnose-koepenick.de\/index.php?rest_route=\/wp\/v2\/pages\/510\/revisions\/631"}],"wp:featuredmedia":[{"embeddable":true,"href":"https:\/\/hypnose-koepenick.de\/index.php?rest_route=\/wp\/v2\/media\/321"}],"wp:attachment":[{"href":"https:\/\/hypnose-koepenick.de\/index.php?rest_route=%2Fwp%2Fv2%2Fmedia&parent=510"}],"curies":[{"name":"wp","href":"https:\/\/api.w.org\/{rel}","templated":true}]}}