{"id":533,"date":"2016-12-04T12:23:54","date_gmt":"2016-12-04T11:23:54","guid":{"rendered":"http:\/\/www.hypnose-koepenick.de\/?page_id=2"},"modified":"2024-12-02T11:48:01","modified_gmt":"2024-12-02T11:48:01","slug":"startseite","status":"publish","type":"page","link":"https:\/\/hypnose-koepenick.de\/","title":{"rendered":"Startseite"},"content":{"rendered":"<p><b>\u201eVielen Menschen konnte in den letzten Jahren in meiner Praxis mit Hypnose geholfen werden! Werden Sie auch einer von ihnen.\u201c<\/b><br \/>\n<b><br \/>\n<\/b><b>Hypnose ist eine sehr effektive und schnelle M\u00f6glichkeit um Probleme\/Themen verschiedenster Art zu \u00fcberwinden.<br \/>\n<\/b><br \/>\nIch bin staatlich zugelassene Heilpraktikerin f\u00fcr Psychotherapie mit eigener Praxis und habe mich auf die ursachenaufl\u00f6sende Hypnoanalyse spezialisiert. Unter Hypnoanalyse versteht man einen therapeutischen Prozess, der es dem Therapeuten erm\u00f6glicht in oft nur 1-4 Sitzungen emotional bedingte Probleme erfolgreich zu behandeln und die daraus resultierenden Symptome dauerhaft zu beseitigen.<br \/>\nUnd das selbst, wenn bisherige Therapien und Behandlungsmethoden versagt haben oder nicht die gew\u00fcnschten Ziele erreicht wurden.<\/p>\n<p>Diese Hypnoseform darf nur von \u00c4rzten, Psychotherapeuten oder Heilpraktikern angeboten werden.<\/p>\n","protected":false},"excerpt":{"rendered":"<p>\u201eVielen Menschen konnte in den letzten Jahren in meiner Praxis mit Hypnose geholfen werden! Werden Sie auch einer von ihnen.\u201c Hypnose ist eine sehr effektive und schnelle M\u00f6glichkeit um Probleme\/Themen verschiedenster Art zu \u00fcberwinden. Ich bin staatlich zugelassene Heilpraktikerin f\u00fcr Psychotherapie mit eigener Praxis und habe mich auf die ursachenaufl\u00f6sende Hypnoanalyse spezialisiert. Unter Hypnoanalyse versteht &hellip; <a href=\"https:\/\/hypnose-koepenick.de\/\" class=\"more-link\">Continue reading<span class=\"screen-reader-text\"> &#8220;Startseite&#8221;<\/span><\/a><\/p>\n","protected":false},"author":1,"featured_media":318,"parent":0,"menu_order":0,"comment_status":"closed","ping_status":"open","template":"","meta":{"footnotes":""},"class_list":["post-533","page","type-page","status-publish","has-post-thumbnail","hentry"],"_links":{"self":[{"href":"https:\/\/hypnose-koepenick.de\/index.php?rest_route=\/wp\/v2\/pages\/533","targetHints":{"allow":["GET"]}}],"collection":[{"href":"https:\/\/hypnose-koepenick.de\/index.php?rest_route=\/wp\/v2\/pages"}],"about":[{"href":"https:\/\/hypnose-koepenick.de\/index.php?rest_route=\/wp\/v2\/types\/page"}],"author":[{"embeddable":true,"href":"https:\/\/hypnose-koepenick.de\/index.php?rest_route=\/wp\/v2\/users\/1"}],"replies":[{"embeddable":true,"href":"https:\/\/hypnose-koepenick.de\/index.php?rest_route=%2Fwp%2Fv2%2Fcomments&post=533"}],"version-history":[{"count":8,"href":"https:\/\/hypnose-koepenick.de\/index.php?rest_route=\/wp\/v2\/pages\/533\/revisions"}],"predecessor-version":[{"id":794,"href":"https:\/\/hypnose-koepenick.de\/index.php?rest_route=\/wp\/v2\/pages\/533\/revisions\/794"}],"wp:featuredmedia":[{"embeddable":true,"href":"https:\/\/hypnose-koepenick.de\/index.php?rest_route=\/wp\/v2\/media\/318"}],"wp:attachment":[{"href":"https:\/\/hypnose-koepenick.de\/index.php?rest_route=%2Fwp%2Fv2%2Fmedia&parent=533"}],"curies":[{"name":"wp","href":"https:\/\/api.w.org\/{rel}","templated":true}]}}