{"id":544,"date":"2019-02-11T11:01:57","date_gmt":"2019-02-11T10:01:57","guid":{"rendered":"https:\/\/www.hypnose-koepenick.de\/?page_id=536"},"modified":"2019-11-27T05:25:40","modified_gmt":"2019-11-27T05:25:40","slug":"hypnose-bei-blockaden","status":"publish","type":"page","link":"https:\/\/hypnose-koepenick.de\/?page_id=544","title":{"rendered":"Hypnose bei Blockaden"},"content":{"rendered":"<p><strong>Blockaden?<\/strong> Sie haben das Gef\u00fchl als w\u00fcrden Sie auf der Stelle laufen oder vor einer scheinbar un\u00fcberwindbaren Mauer stehen oder mit gezogener Handbremse Auto fahren? Der Grund daf\u00fcr k\u00f6nnten unbewusste negative Glaubenss\u00e4tze sein, die, meist als Kind, unbewusst \u00fcbernommen wurden, vor allem z.B. von Eltern und Lehrern.<\/p>\n<p>Sagt der Vater z.B. \u201eGeld verdirbt den Charakter!\u201c und wir diesen Glaubenssatz (unbewusst) \u00fcbernehmen, hindert uns das Unterbewusstsein wohlhabend und reich zu werden. Denn nach diesem Glaubenssatz w\u00e4re es nicht nur schlecht, wohlhabend und reich zu sein, sondern wir h\u00e4tten vielleicht sogar unbewusst Angst vom Vater nicht mehr geliebt zu werden. Wir k\u00f6nnen uns noch so anstrengen und bem\u00fchen, es gelingt uns einfach nicht erfolgreich zu sein. Der negative Glaubenssatz wirkt verl\u00e4sslich, solange er nicht aufgel\u00f6st wird.<\/p>\n<p>Mit Hypnose sind solche Blockaden und negativen Glaubenss\u00e4tze sehr schnell und wirkungsvoll zu l\u00f6sen. Da wir in Hypnose den Zugang zum Unterbewusstsein haben, wo diese Glaubenss\u00e4tze abgespeichert sind, k\u00f6nnen sehr schnell diese Blockaden gel\u00f6st werden. Es ist als w\u00fcrde man die vorher angezogene Handbremse l\u00f6sen und das wahre Potential kann sich endlich frei entfalten.<\/p>\n<p>Machen Sie jetzt den ersten Schritt zu einem entspannten, erfolgreichen, selbstbewussten Leben und profitieren Sie von der wirksamen Methode der Hypnose in Berlin-K\u00f6penick. Lassen Sie uns ein St\u00fcck gemeinsam gehen und alten Wunden die M\u00f6glichkeit geben zu heilen. In meiner <a href=\"https:\/\/hypnose-koepenick.de\/?page_id=7\">Hypnosepraxis in Berlin-K\u00f6penick<\/a> kann Ihnen nachhaltig f\u00fcr K\u00f6rper, Seele und Geist mit <a href=\"https:\/\/hypnose-koepenick.de\/?page_id=57\">Hypnosetherapie<\/a> geholfen werden.<\/p>\n\n\n<p><\/p>\n","protected":false},"excerpt":{"rendered":"<p>Blockaden? Sie haben das Gef\u00fchl als w\u00fcrden Sie auf der Stelle laufen oder vor einer scheinbar un\u00fcberwindbaren Mauer stehen oder mit gezogener Handbremse Auto fahren? Der Grund daf\u00fcr k\u00f6nnten unbewusste negative Glaubenss\u00e4tze sein, die, meist als Kind, unbewusst \u00fcbernommen wurden, vor allem z.B. von Eltern und Lehrern. Sagt der Vater z.B. \u201eGeld verdirbt den Charakter!\u201c &hellip; <a href=\"https:\/\/hypnose-koepenick.de\/?page_id=544\" class=\"more-link\">Continue reading<span class=\"screen-reader-text\"> &#8220;Hypnose bei Blockaden&#8221;<\/span><\/a><\/p>\n","protected":false},"author":1,"featured_media":321,"parent":11,"menu_order":0,"comment_status":"closed","ping_status":"closed","template":"","meta":{"footnotes":""},"class_list":["post-544","page","type-page","status-publish","has-post-thumbnail","hentry"],"_links":{"self":[{"href":"https:\/\/hypnose-koepenick.de\/index.php?rest_route=\/wp\/v2\/pages\/544","targetHints":{"allow":["GET"]}}],"collection":[{"href":"https:\/\/hypnose-koepenick.de\/index.php?rest_route=\/wp\/v2\/pages"}],"about":[{"href":"https:\/\/hypnose-koepenick.de\/index.php?rest_route=\/wp\/v2\/types\/page"}],"author":[{"embeddable":true,"href":"https:\/\/hypnose-koepenick.de\/index.php?rest_route=\/wp\/v2\/users\/1"}],"replies":[{"embeddable":true,"href":"https:\/\/hypnose-koepenick.de\/index.php?rest_route=%2Fwp%2Fv2%2Fcomments&post=544"}],"version-history":[{"count":2,"href":"https:\/\/hypnose-koepenick.de\/index.php?rest_route=\/wp\/v2\/pages\/544\/revisions"}],"predecessor-version":[{"id":636,"href":"https:\/\/hypnose-koepenick.de\/index.php?rest_route=\/wp\/v2\/pages\/544\/revisions\/636"}],"up":[{"embeddable":true,"href":"https:\/\/hypnose-koepenick.de\/index.php?rest_route=\/wp\/v2\/pages\/11"}],"wp:featuredmedia":[{"embeddable":true,"href":"https:\/\/hypnose-koepenick.de\/index.php?rest_route=\/wp\/v2\/media\/321"}],"wp:attachment":[{"href":"https:\/\/hypnose-koepenick.de\/index.php?rest_route=%2Fwp%2Fv2%2Fmedia&parent=544"}],"curies":[{"name":"wp","href":"https:\/\/api.w.org\/{rel}","templated":true}]}}