{"id":546,"date":"2019-02-11T11:18:43","date_gmt":"2019-02-11T10:18:43","guid":{"rendered":"https:\/\/www.hypnose-koepenick.de\/?page_id=543"},"modified":"2019-02-11T11:18:43","modified_gmt":"2019-02-11T10:18:43","slug":"hypnose-bei-trauer-trennung-und-liebeskummer","status":"publish","type":"page","link":"https:\/\/hypnose-koepenick.de\/?page_id=546","title":{"rendered":"Hypnose bei Trauer, Trennung und Liebeskummer"},"content":{"rendered":"<p>Sie sind verlassen worden? Sie selber haben sich getrennt oder ein lieber Mensch, ein liebgewonnenes Tier ist verstorben? Egal ob Tod oder Trennung, der Mensch, das Tier ist nicht mehr da! Und nun haben Sie das Gef\u00fchl, Sie schaffen es nicht alleine, Sie leiden zu viel, es wurde der Boden unter Ihren F\u00fc\u00dfen regelrecht weggezogen, Sie haben Schwierigkeiten Ihren Alltag zu bew\u00e4ltigen?<\/p>\n<p>Schmerz und Trauer geh\u00f6ren zu unserem Leben dazu, aber oft werden unbewusste \u00c4ngste oder Gef\u00fchle durch den Verlust ausgel\u00f6st, die ihren Ursprung in der Kindheit haben k\u00f6nnen.<\/p>\n<p>So kommt nach einer Trennung der emotionale Schmerz aus Situationen hoch, in denen wir uns fr\u00fcher ungeliebt oder vernachl\u00e4ssigt gef\u00fchlt haben.\u00a0Vielleicht machen Sie sich aber auch Vorw\u00fcrfe oder leiden unter Schuldgef\u00fchlen oder haben Angst f\u00fcr immer alleine bleiben zu m\u00fcssen und nie wieder gl\u00fccklich werden zu k\u00f6nnen. Vielleicht haben Sie aber aufgrund der Trennung oder des Verlustes belastende Dinge erleben m\u00fcssen, die Sie sehr besch\u00e4ftigen.<\/p>\n<p>Die Hypnose, bzw. Hypnoanalyse kann helfen tief verwurzelte belastende Ursachen zu erkennen, zu verstehen, zu bew\u00e4ltigen und individuelle Belastungen aufarbeiten.<\/p>\n<p>Alle M\u00f6glichkeiten der bei Trauer, Trennung und Liebeskummer effektiven Hypnose erschlie\u00dfen sich nach einem vertrauensvollen Vorgespr\u00e4ch. Meine Hypnosepraxis stellt eine diskrete und pers\u00f6nliche Anlaufstelle f\u00fcr Auswege bei Lebenskrisen und f\u00fcr das Umsetzen Ihrer Ziele dar. Der Vorteil von Hypnose ist, dass in wenigen Hypnosetherapie-Sitzungen schmerzvolle, vielleicht auch be\u00e4ngstigende Phasen nach Trennung oder Tod,\u00a0 besser bew\u00e4ltigt werden k\u00f6nnen.<\/p>\n<p>Hier in Berlin kann Ihnen in meiner Hypnosepraxis in der K\u00f6penicker Altstadt nachhaltig f\u00fcr K\u00f6rper, Seele und Geist mittels einer individuell abgestimmten Therapie geholfen werden. Sie werden gest\u00e4rkt und motiviert Ihr weiteres Leben selbstbestimmt in die Hand zu nehmen\u2013 bis dahin begleite ich auch Sie gerne ein St\u00fcck, wie viele Klienten vor Ihnen.<\/p>\n","protected":false},"excerpt":{"rendered":"<p>Sie sind verlassen worden? Sie selber haben sich getrennt oder ein lieber Mensch, ein liebgewonnenes Tier ist verstorben? Egal ob Tod oder Trennung, der Mensch, das Tier ist nicht mehr da! Und nun haben Sie das Gef\u00fchl, Sie schaffen es nicht alleine, Sie leiden zu viel, es wurde der Boden unter Ihren F\u00fc\u00dfen regelrecht weggezogen, &hellip; <a href=\"https:\/\/hypnose-koepenick.de\/?page_id=546\" class=\"more-link\">Continue reading<span class=\"screen-reader-text\"> &#8220;Hypnose bei Trauer, Trennung und Liebeskummer&#8221;<\/span><\/a><\/p>\n","protected":false},"author":1,"featured_media":321,"parent":11,"menu_order":0,"comment_status":"closed","ping_status":"closed","template":"","meta":{"footnotes":""},"class_list":["post-546","page","type-page","status-publish","has-post-thumbnail","hentry"],"_links":{"self":[{"href":"https:\/\/hypnose-koepenick.de\/index.php?rest_route=\/wp\/v2\/pages\/546","targetHints":{"allow":["GET"]}}],"collection":[{"href":"https:\/\/hypnose-koepenick.de\/index.php?rest_route=\/wp\/v2\/pages"}],"about":[{"href":"https:\/\/hypnose-koepenick.de\/index.php?rest_route=\/wp\/v2\/types\/page"}],"author":[{"embeddable":true,"href":"https:\/\/hypnose-koepenick.de\/index.php?rest_route=\/wp\/v2\/users\/1"}],"replies":[{"embeddable":true,"href":"https:\/\/hypnose-koepenick.de\/index.php?rest_route=%2Fwp%2Fv2%2Fcomments&post=546"}],"version-history":[{"count":0,"href":"https:\/\/hypnose-koepenick.de\/index.php?rest_route=\/wp\/v2\/pages\/546\/revisions"}],"up":[{"embeddable":true,"href":"https:\/\/hypnose-koepenick.de\/index.php?rest_route=\/wp\/v2\/pages\/11"}],"wp:featuredmedia":[{"embeddable":true,"href":"https:\/\/hypnose-koepenick.de\/index.php?rest_route=\/wp\/v2\/media\/321"}],"wp:attachment":[{"href":"https:\/\/hypnose-koepenick.de\/index.php?rest_route=%2Fwp%2Fv2%2Fmedia&parent=546"}],"curies":[{"name":"wp","href":"https:\/\/api.w.org\/{rel}","templated":true}]}}