{"id":57,"date":"2016-12-04T19:05:24","date_gmt":"2016-12-04T18:05:24","guid":{"rendered":"http:\/\/www.hypnose-koepenick.de\/?page_id=57"},"modified":"2016-12-04T19:05:24","modified_gmt":"2016-12-04T18:05:24","slug":"was-ist-hypnosetherapie","status":"publish","type":"page","link":"https:\/\/hypnose-koepenick.de\/?page_id=57","title":{"rendered":"Was ist Hypnosetherapie?"},"content":{"rendered":"<p>Hypnosetherapie ist, wenn man sich den Zustand der Hypnose zu nutze macht um in der Hypnose an Problemen, unerw\u00fcnschten Eigenschaften oder Krankheiten zu arbeiten und gewisserma\u00dfen &#8220;alte unerw\u00fcnschte Programme&#8221; gegen Neue ersetzt. <\/p>\n<p>Hypnosetherapie ist eine eigenst\u00e4ndige, wissenschaftlich anerkannte psychotherapeutische Methode.<\/p>\n","protected":false},"excerpt":{"rendered":"<p>Hypnosetherapie ist, wenn man sich den Zustand der Hypnose zu nutze macht um in der Hypnose an Problemen, unerw\u00fcnschten Eigenschaften oder Krankheiten zu arbeiten und gewisserma\u00dfen &#8220;alte unerw\u00fcnschte Programme&#8221; gegen Neue ersetzt. Hypnosetherapie ist eine eigenst\u00e4ndige, wissenschaftlich anerkannte psychotherapeutische Methode.<\/p>\n","protected":false},"author":1,"featured_media":0,"parent":9,"menu_order":2,"comment_status":"closed","ping_status":"closed","template":"","meta":{"footnotes":""},"class_list":["post-57","page","type-page","status-publish","hentry"],"_links":{"self":[{"href":"https:\/\/hypnose-koepenick.de\/index.php?rest_route=\/wp\/v2\/pages\/57","targetHints":{"allow":["GET"]}}],"collection":[{"href":"https:\/\/hypnose-koepenick.de\/index.php?rest_route=\/wp\/v2\/pages"}],"about":[{"href":"https:\/\/hypnose-koepenick.de\/index.php?rest_route=\/wp\/v2\/types\/page"}],"author":[{"embeddable":true,"href":"https:\/\/hypnose-koepenick.de\/index.php?rest_route=\/wp\/v2\/users\/1"}],"replies":[{"embeddable":true,"href":"https:\/\/hypnose-koepenick.de\/index.php?rest_route=%2Fwp%2Fv2%2Fcomments&post=57"}],"version-history":[{"count":0,"href":"https:\/\/hypnose-koepenick.de\/index.php?rest_route=\/wp\/v2\/pages\/57\/revisions"}],"up":[{"embeddable":true,"href":"https:\/\/hypnose-koepenick.de\/index.php?rest_route=\/wp\/v2\/pages\/9"}],"wp:attachment":[{"href":"https:\/\/hypnose-koepenick.de\/index.php?rest_route=%2Fwp%2Fv2%2Fmedia&parent=57"}],"curies":[{"name":"wp","href":"https:\/\/api.w.org\/{rel}","templated":true}]}}